{"id":4272,"date":"2026-02-27T08:29:00","date_gmt":"2026-02-27T07:29:00","guid":{"rendered":"https:\/\/www.cladix.eu\/?page_id=4272"},"modified":"2026-03-04T09:46:13","modified_gmt":"2026-03-04T08:46:13","slug":"outil-de-calcul","status":"publish","type":"page","link":"https:\/\/www.cladix.eu\/fr\/rekentool\/","title":{"rendered":"Outil de calcul"},"content":{"rendered":"<div data-elementor-type=\"wp-page\" data-elementor-id=\"4272\" class=\"elementor elementor-4272\" data-elementor-post-type=\"page\">\n\t\t\t\t<div class=\"elementor-element elementor-element-d554211 padding-xs e-flex e-con-boxed e-con e-parent\" data-id=\"d554211\" data-element_type=\"container\" data-e-type=\"container\" data-settings=\"{&quot;background_background&quot;:&quot;classic&quot;}\">\n\t\t\t\t\t<div class=\"e-con-inner\">\n\t\t<div class=\"elementor-element elementor-element-25a952d e-con-full e-flex e-con e-child\" data-id=\"25a952d\" data-element_type=\"container\" data-e-type=\"container\" data-settings=\"{&quot;background_background&quot;:&quot;classic&quot;}\">\n\t\t\t\t<div class=\"elementor-element elementor-element-33d7c21 elementor-widget__width-inherit elementor-widget elementor-widget-heading\" data-id=\"33d7c21\" data-element_type=\"widget\" data-e-type=\"widget\" data-widget_type=\"heading.default\">\n\t\t\t\t<div class=\"elementor-widget-container\">\n\t\t\t\t\t<h1 class=\"elementor-heading-title elementor-size-default\">Calculez facilement la quantit\u00e9 de bardage n\u00e9cessaire pour votre fa\u00e7ade.<\/h1>\t\t\t\t<\/div>\n\t\t\t\t<\/div>\n\t\t\t\t<div class=\"elementor-element elementor-element-7576d5b elementor-widget elementor-widget-heading\" data-id=\"7576d5b\" data-element_type=\"widget\" data-e-type=\"widget\" data-widget_type=\"heading.default\">\n\t\t\t\t<div class=\"elementor-widget-container\">\n\t\t\t\t\t<span class=\"elementor-heading-title elementor-size-default\">Utilisez notre outil de calcul Cladix et obtenez instantan\u00e9ment les packs et quantit\u00e9s adapt\u00e9s \u00e0 votre projet.<\/span>\t\t\t\t<\/div>\n\t\t\t\t<\/div>\n\t\t\t\t<div class=\"elementor-element elementor-element-84860e7 elementor-tablet-align-center e-transform elementor-widget elementor-widget-button\" data-id=\"84860e7\" data-element_type=\"widget\" data-e-type=\"widget\" data-settings=\"{&quot;_transform_translateY_effect_hover&quot;:{&quot;unit&quot;:&quot;px&quot;,&quot;size&quot;:-3,&quot;sizes&quot;:[]},&quot;_transform_translateX_effect_hover&quot;:{&quot;unit&quot;:&quot;px&quot;,&quot;size&quot;:&quot;&quot;,&quot;sizes&quot;:[]},&quot;_transform_translateX_effect_hover_tablet&quot;:{&quot;unit&quot;:&quot;px&quot;,&quot;size&quot;:&quot;&quot;,&quot;sizes&quot;:[]},&quot;_transform_translateX_effect_hover_mobile&quot;:{&quot;unit&quot;:&quot;px&quot;,&quot;size&quot;:&quot;&quot;,&quot;sizes&quot;:[]},&quot;_transform_translateY_effect_hover_tablet&quot;:{&quot;unit&quot;:&quot;px&quot;,&quot;size&quot;:&quot;&quot;,&quot;sizes&quot;:[]},&quot;_transform_translateY_effect_hover_mobile&quot;:{&quot;unit&quot;:&quot;px&quot;,&quot;size&quot;:&quot;&quot;,&quot;sizes&quot;:[]}}\" data-widget_type=\"button.default\">\n\t\t\t\t<div class=\"elementor-widget-container\">\n\t\t\t\t\t\t\t\t\t<div class=\"elementor-button-wrapper\">\n\t\t\t\t\t<a class=\"elementor-button elementor-button-link elementor-size-sm\" href=\"https:\/\/rekentool.cladix.eu\/?lang=fr\" target=\"_blank\" rel=\"nofollow noopener\">\n\t\t\t\t\t\t<span class=\"elementor-button-content-wrapper\">\n\t\t\t\t\t\t<span class=\"elementor-button-icon\">\n\t\t\t\t<i aria-hidden=\"true\" class=\"far fa-calculator\"><\/i>\t\t\t<\/span>\n\t\t\t\t\t\t\t\t\t<span class=\"elementor-button-text\">Lancer l\u2019outil de calcul<\/span>\n\t\t\t\t\t<\/span>\n\t\t\t\t\t<\/a>\n\t\t\t\t<\/div>\n\t\t\t\t\t\t\t\t<\/div>\n\t\t\t\t<\/div>\n\t\t\t\t<\/div>\n\t\t<div class=\"elementor-element elementor-element-bca5057 e-con-full e-flex e-con e-child\" data-id=\"bca5057\" data-element_type=\"container\" data-e-type=\"container\" data-settings=\"{&quot;background_background&quot;:&quot;classic&quot;}\">\n\t\t\t\t<div class=\"elementor-element elementor-element-69a870f elementor-widget elementor-widget-image\" data-id=\"69a870f\" data-element_type=\"widget\" data-e-type=\"widget\" data-widget_type=\"image.default\">\n\t\t\t\t<div class=\"elementor-widget-container\">\n\t\t\t\t\t\t\t\t\t\t\t\t\t\t\t<img fetchpriority=\"high\" decoding=\"async\" width=\"1000\" height=\"678\" src=\"https:\/\/www.cladix.eu\/wp-content\/uploads\/2026\/03\/Outil-de-calcul-Cladix.png\" class=\"attachment-2048x2048 size-2048x2048 wp-image-3820\" alt=\"\" srcset=\"https:\/\/www.cladix.eu\/wp-content\/uploads\/2026\/03\/Outil-de-calcul-Cladix.png 1000w, https:\/\/www.cladix.eu\/wp-content\/uploads\/2026\/03\/Outil-de-calcul-Cladix-520x353.png 520w, https:\/\/www.cladix.eu\/wp-content\/uploads\/2026\/03\/Outil-de-calcul-Cladix-768x521.png 768w, https:\/\/www.cladix.eu\/wp-content\/uploads\/2026\/03\/Outil-de-calcul-Cladix-18x12.png 18w\" sizes=\"(max-width: 1000px) 100vw, 1000px\">\t\t\t\t\t\t\t\t\t\t\t\t\t\t\t<\/div>\n\t\t\t\t<\/div>\n\t\t\t\t<\/div>\n\t\t\t\t\t<\/div>\n\t\t\t\t<\/div>\n\t\t<div class=\"elementor-element elementor-element-6b4c1e4 e-con-full e-flex e-con e-parent\" data-id=\"6b4c1e4\" data-element_type=\"container\" data-e-type=\"container\">\n\t\t\t\t<div class=\"elementor-element elementor-element-f56c9e4 elementor-arrows-position-inside elementor-widget elementor-widget-image-carousel\" data-id=\"f56c9e4\" data-element_type=\"widget\" data-e-type=\"widget\" data-settings=\"{&quot;slides_to_show&quot;:&quot;4&quot;,&quot;slides_to_show_tablet&quot;:&quot;3&quot;,&quot;slides_to_show_mobile&quot;:&quot;2&quot;,&quot;navigation&quot;:&quot;arrows&quot;,&quot;autoplay&quot;:&quot;yes&quot;,&quot;pause_on_hover&quot;:&quot;yes&quot;,&quot;pause_on_interaction&quot;:&quot;yes&quot;,&quot;autoplay_speed&quot;:5000,&quot;infinite&quot;:&quot;yes&quot;,&quot;speed&quot;:500}\" data-widget_type=\"image-carousel.default\">\n\t\t\t\t<div class=\"elementor-widget-container\">\n\t\t\t\t\t\t\t<div class=\"elementor-image-carousel-wrapper swiper\" role=\"region\" aria-roledescription=\"carousel\" aria-label=\"Carrousel d&#039;images\" dir=\"ltr\">\n\t\t\t<div class=\"elementor-image-carousel swiper-wrapper\" aria-live=\"off\">\n\t\t\t\t\t\t\t\t<div class=\"swiper-slide\" role=\"group\" aria-roledescription=\"slide\" aria-label=\"1 sur 11\"><a data-elementor-open-lightbox=\"yes\" data-elementor-lightbox-slideshow=\"f56c9e4\" data-e-action-hash=\"#elementor-action%3Aaction%3Dlightbox%26settings%3DeyJpZCI6Mzk5NCwidXJsIjoiaHR0cHM6XC9cL3d3dy5jbGFkaXguZXVcL3dwLWNvbnRlbnRcL3VwbG9hZHNcLzIwMjZcLzAyXC9Xb25pbmctSXplZ2VtXzA1X0xSLmpwZyIsInNsaWRlc2hvdyI6ImY1NmM5ZTQifQ%3D%3D\" href=\"https:\/\/www.cladix.eu\/wp-content\/uploads\/2026\/02\/Woning-Izegem_05_LR.jpg\"><figure class=\"swiper-slide-inner\"><img decoding=\"async\" class=\"swiper-slide-image\" src=\"https:\/\/www.cladix.eu\/wp-content\/uploads\/elementor\/thumbs\/Woning-Izegem_05_LR-rk0i4v4w2wrhw8vxbsj2t5wig6qj00qqokaw3i28io.jpg\" alt=\"Logement-Izegem_05_LR\" \/><\/figure><\/a><\/div><div class=\"swiper-slide\" role=\"group\" aria-roledescription=\"slide\" aria-label=\"2 sur 11\"><a data-elementor-open-lightbox=\"yes\" data-elementor-lightbox-slideshow=\"f56c9e4\" data-e-action-hash=\"#elementor-action%3Aaction%3Dlightbox%26settings%3DeyJpZCI6Mzk4NCwidXJsIjoiaHR0cHM6XC9cL3d3dy5jbGFkaXguZXVcL3dwLWNvbnRlbnRcL3VwbG9hZHNcLzIwMjZcLzAyXC9FeHRlbnNpb24tMy1Xb29kLUJST1dOLmpwZyIsInNsaWRlc2hvdyI6ImY1NmM5ZTQifQ%3D%3D\" href=\"https:\/\/www.cladix.eu\/wp-content\/uploads\/2026\/02\/Extension-3-Wood-BROWN.jpg\"><figure class=\"swiper-slide-inner\"><img decoding=\"async\" class=\"swiper-slide-image\" src=\"https:\/\/www.cladix.eu\/wp-content\/uploads\/elementor\/thumbs\/Extension-3-Wood-BROWN-rk0i4t97p8ox90ynmrpto6dl9ezskmja0azx4y50v4.jpg\" alt=\"Extension 3 Bois BRUN\" \/><\/figure><\/a><\/div><div class=\"swiper-slide\" role=\"group\" aria-roledescription=\"slide\" aria-label=\"3 sur 11\"><a data-elementor-open-lightbox=\"yes\" data-elementor-lightbox-slideshow=\"f56c9e4\" data-e-action-hash=\"#elementor-action%3Aaction%3Dlightbox%26settings%3DeyJpZCI6Mzk3NSwidXJsIjoiaHR0cHM6XC9cL3d3dy5jbGFkaXguZXVcL3dwLWNvbnRlbnRcL3VwbG9hZHNcLzIwMjZcLzAyXC9FeG9ib3gtVmlldy0yLmpwZyIsInNsaWRlc2hvdyI6ImY1NmM5ZTQifQ%3D%3D\" href=\"https:\/\/www.cladix.eu\/wp-content\/uploads\/2026\/02\/Exobox-View-2.jpg\"><figure class=\"swiper-slide-inner\"><img decoding=\"async\" class=\"swiper-slide-image\" src=\"https:\/\/www.cladix.eu\/wp-content\/uploads\/elementor\/thumbs\/Exobox-View-2-rk0i4u71w2q7kmxaha4g8o51usv5sbn0cfnem83mow.jpg\" alt=\"Exobox-View-2\" \/><\/figure><\/a><\/div><div class=\"swiper-slide\" role=\"group\" aria-roledescription=\"slide\" aria-label=\"4 sur 11\"><a data-elementor-open-lightbox=\"yes\" data-elementor-lightbox-slideshow=\"f56c9e4\" data-e-action-hash=\"#elementor-action%3Aaction%3Dlightbox%26settings%3DeyJpZCI6Mzk4NywidXJsIjoiaHR0cHM6XC9cL3d3dy5jbGFkaXguZXVcL3dwLWNvbnRlbnRcL3VwbG9hZHNcLzIwMjZcLzAyXC9CYWxqdXdzdHJhYXRfRGVudGVyZ2VtXzAwMl9Tb2NpYWxzLmpwZyIsInNsaWRlc2hvdyI6ImY1NmM5ZTQifQ%3D%3D\" href=\"https:\/\/www.cladix.eu\/wp-content\/uploads\/2026\/02\/Baljuwstraat_Dentergem_002_Socials.jpg\"><figure class=\"swiper-slide-inner\"><img decoding=\"async\" class=\"swiper-slide-image\" src=\"https:\/\/www.cladix.eu\/wp-content\/uploads\/elementor\/thumbs\/Baljuwstraat_Dentergem_002_Socials-rk0i4u71w2q7kmxaha4g8o51usv5sbn0cfnem83mow.jpg\" alt=\"Baljuwstraat_Dentergem_002_Socials\" \/><\/figure><\/a><\/div><div class=\"swiper-slide\" role=\"group\" aria-roledescription=\"slide\" aria-label=\"5 sur 11\"><a data-elementor-open-lightbox=\"yes\" data-elementor-lightbox-slideshow=\"f56c9e4\" data-e-action-hash=\"#elementor-action%3Aaction%3Dlightbox%26settings%3DeyJpZCI6Mzk2MiwidXJsIjoiaHR0cHM6XC9cL3d3dy5jbGFkaXguZXVcL3dwLWNvbnRlbnRcL3VwbG9hZHNcLzIwMjZcLzAyXC9Gcm9udC1DaXR5LUhvdXNlLTEtYnJ1aW4tZGV0YWlsLmpwZyIsInNsaWRlc2hvdyI6ImY1NmM5ZTQifQ%3D%3D\" href=\"https:\/\/www.cladix.eu\/wp-content\/uploads\/2026\/02\/Front-City-House-1-bruin-detail.jpg\"><figure class=\"swiper-slide-inner\"><img decoding=\"async\" class=\"swiper-slide-image\" src=\"https:\/\/www.cladix.eu\/wp-content\/uploads\/elementor\/thumbs\/Front-City-House-1-bruin-detail-rk0i4t97p8ox90ynmrpto6dl9ezskmja0azx4y50v4.jpg\" alt=\"Front City House 1 d\u00e9tail brun\" \/><\/figure><\/a><\/div><div class=\"swiper-slide\" role=\"group\" aria-roledescription=\"slide\" aria-label=\"6 sur 11\"><a data-elementor-open-lightbox=\"yes\" data-elementor-lightbox-slideshow=\"f56c9e4\" data-e-action-hash=\"#elementor-action%3Aaction%3Dlightbox%26settings%3DeyJpZCI6Mzk1NSwidXJsIjoiaHR0cHM6XC9cL3d3dy5jbGFkaXguZXVcL3dwLWNvbnRlbnRcL3VwbG9hZHNcLzIwMjZcLzAyXC9Mb3VuZ2UtMS1MaWdodC1HcmF5LUNlaWxpbmcuanBnIiwic2xpZGVzaG93IjoiZjU2YzllNCJ9\" href=\"https:\/\/www.cladix.eu\/wp-content\/uploads\/2026\/02\/Lounge-1-Light-Gray-Ceiling.jpg\"><figure class=\"swiper-slide-inner\"><img decoding=\"async\" class=\"swiper-slide-image\" src=\"https:\/\/www.cladix.eu\/wp-content\/uploads\/elementor\/thumbs\/Lounge-1-Light-Gray-Ceiling-rk0i4v4w2wrhw8vxbsj2t5wig6qj00qqokaw3i28io.jpg\" alt=\"Lounge-1-Light-Gray-Ceiling\" \/><\/figure><\/a><\/div><div class=\"swiper-slide\" role=\"group\" aria-roledescription=\"slide\" aria-label=\"7 sur 11\"><a data-elementor-open-lightbox=\"yes\" data-elementor-lightbox-slideshow=\"f56c9e4\" data-e-action-hash=\"#elementor-action%3Aaction%3Dlightbox%26settings%3DeyJpZCI6MzkzNCwidXJsIjoiaHR0cHM6XC9cL3d3dy5jbGFkaXguZXVcL3dwLWNvbnRlbnRcL3VwbG9hZHNcLzIwMjZcLzAyXC9HYXJkZW4tU2hlZC0yLUNMQURJWC5qcGciLCJzbGlkZXNob3ciOiJmNTZjOWU0In0%3D\" href=\"https:\/\/www.cladix.eu\/wp-content\/uploads\/2026\/02\/Garden-Shed-2-CLADIX.jpg\"><figure class=\"swiper-slide-inner\"><img decoding=\"async\" class=\"swiper-slide-image\" src=\"https:\/\/www.cladix.eu\/wp-content\/uploads\/elementor\/thumbs\/Garden-Shed-2-CLADIX-rk0i4u71w2q7kmxaha4g8o51usv5sbn0cfnem83mow.jpg\" alt=\"Abri de jardin-2-CLADIX\" \/><\/figure><\/a><\/div><div class=\"swiper-slide\" role=\"group\" aria-roledescription=\"slide\" aria-label=\"8 sur 11\"><a data-elementor-open-lightbox=\"yes\" data-elementor-lightbox-slideshow=\"f56c9e4\" data-e-action-hash=\"#elementor-action%3Aaction%3Dlightbox%26settings%3DeyJpZCI6Mzk2NSwidXJsIjoiaHR0cHM6XC9cL3d3dy5jbGFkaXguZXVcL3dwLWNvbnRlbnRcL3VwbG9hZHNcLzIwMjZcLzAyXC9Db21wYWN0LUNpdHktR2FyZGVuLTEtQnJvd24uanBnIiwic2xpZGVzaG93IjoiZjU2YzllNCJ9\" href=\"https:\/\/www.cladix.eu\/wp-content\/uploads\/2026\/02\/Compact-City-Garden-1-Brown.jpg\"><figure class=\"swiper-slide-inner\"><img decoding=\"async\" class=\"swiper-slide-image\" src=\"https:\/\/www.cladix.eu\/wp-content\/uploads\/elementor\/thumbs\/Compact-City-Garden-1-Brown-rk0i4v4w2wrhw8vxbsj2t5wig6qj00qqokaw3i28io.jpg\" alt=\"Compact City Garden 1 Brown\" \/><\/figure><\/a><\/div><div class=\"swiper-slide\" role=\"group\" aria-roledescription=\"slide\" aria-label=\"9 sur 11\"><a data-elementor-open-lightbox=\"yes\" data-elementor-lightbox-slideshow=\"f56c9e4\" data-e-action-hash=\"#elementor-action%3Aaction%3Dlightbox%26settings%3DeyJpZCI6MzkzMSwidXJsIjoiaHR0cHM6XC9cL3d3dy5jbGFkaXguZXVcL3dwLWNvbnRlbnRcL3VwbG9hZHNcLzIwMjZcLzAyXC9VcmJhbi1HYXJkZW4tNi1OaWdodC0xLmpwZyIsInNsaWRlc2hvdyI6ImY1NmM5ZTQifQ%3D%3D\" href=\"https:\/\/www.cladix.eu\/wp-content\/uploads\/2026\/02\/Urban-Garden-6-Night-1.jpg\"><figure class=\"swiper-slide-inner\"><img decoding=\"async\" class=\"swiper-slide-image\" src=\"https:\/\/www.cladix.eu\/wp-content\/uploads\/elementor\/thumbs\/Urban-Garden-6-Night-1-rk0i4v4w2wrhw8vxbsj2t5wig6qj00qqokaw3i28io.jpg\" alt=\"Jardin urbain 6 nuits\" \/><\/figure><\/a><\/div><div class=\"swiper-slide\" role=\"group\" aria-roledescription=\"slide\" aria-label=\"10 sur 11\"><a data-elementor-open-lightbox=\"yes\" data-elementor-lightbox-slideshow=\"f56c9e4\" data-e-action-hash=\"#elementor-action%3Aaction%3Dlightbox%26settings%3DeyJpZCI6Mzk1OSwidXJsIjoiaHR0cHM6XC9cL3d3dy5jbGFkaXguZXVcL3dwLWNvbnRlbnRcL3VwbG9hZHNcLzIwMjZcLzAyXC9hbHVtaW5pdW0tZ2V2ZWxwcm9maWVsZW4tcmVub3ZhdGllLXJpandvbmluZy5qcGciLCJzbGlkZXNob3ciOiJmNTZjOWU0In0%3D\" href=\"https:\/\/www.cladix.eu\/wp-content\/uploads\/2026\/02\/aluminium-gevelprofielen-renovatie-rijwoning.jpg\"><figure class=\"swiper-slide-inner\"><img decoding=\"async\" class=\"swiper-slide-image\" src=\"https:\/\/www.cladix.eu\/wp-content\/uploads\/elementor\/thumbs\/aluminium-gevelprofielen-renovatie-rijwoning-rk0i4u71w2q7kmxaha4g8o51usv5sbn0cfnem83mow.jpg\" alt=\"profil\u00e9s de fa\u00e7ade en aluminium - r\u00e9novation - maison de campagne\" \/><\/figure><\/a><\/div><div class=\"swiper-slide\" role=\"group\" aria-roledescription=\"slide\" aria-label=\"11 sur 11\"><a data-elementor-open-lightbox=\"yes\" data-elementor-lightbox-slideshow=\"f56c9e4\" data-e-action-hash=\"#elementor-action%3Aaction%3Dlightbox%26settings%3DeyJpZCI6MTEwMywidXJsIjoiaHR0cHM6XC9cL3d3dy5jbGFkaXguZXVcL3dwLWNvbnRlbnRcL3VwbG9hZHNcLzIwMjZcLzAxXC9jbGFkaXgtYWx1bWluaXVtLWdldmVsLXBvb2wuanBnIiwic2xpZGVzaG93IjoiZjU2YzllNCJ9\" href=\"https:\/\/www.cladix.eu\/wp-content\/uploads\/2026\/01\/cladix-aluminium-gevel-pool.jpg\"><figure class=\"swiper-slide-inner\"><img decoding=\"async\" class=\"swiper-slide-image\" src=\"https:\/\/www.cladix.eu\/wp-content\/uploads\/elementor\/thumbs\/cladix-aluminium-gevel-pool-rk0i4t97p8ox90ynmrpto6dl9ezskmja0azx4y50v4.jpg\" alt=\"cladix-aluminium-poteau-pignon.jpg\" \/><\/figure><\/a><\/div>\t\t\t<\/div>\n\t\t\t\t\t\t\t\t\t\t\t\t<div class=\"elementor-swiper-button elementor-swiper-button-prev\" role=\"button\" tabindex=\"0\">\n\t\t\t\t\t\t<i aria-hidden=\"true\" class=\"fal fa-chevron-left\"><\/i>\t\t\t\t\t<\/div>\n\t\t\t\t\t<div class=\"elementor-swiper-button elementor-swiper-button-next\" role=\"button\" tabindex=\"0\">\n\t\t\t\t\t\t<i aria-hidden=\"true\" class=\"fal fa-chevron-right\"><\/i>\t\t\t\t\t<\/div>\n\t\t\t\t\n\t\t\t\t\t\t\t\t\t<\/div>\n\t\t\t\t\t\t<\/div>\n\t\t\t\t<\/div>\n\t\t\t\t<\/div>\n\t\t<div class=\"elementor-element elementor-element-6e24084 padding-s e-flex e-con-boxed e-con e-parent\" data-id=\"6e24084\" data-element_type=\"container\" data-e-type=\"container\">\n\t\t\t\t\t<div class=\"e-con-inner\">\n\t\t\t\t<div class=\"elementor-element elementor-element-f2982c6 elementor-widget elementor-widget-heading\" data-id=\"f2982c6\" data-element_type=\"widget\" data-e-type=\"widget\" data-widget_type=\"heading.default\">\n\t\t\t\t<div class=\"elementor-widget-container\">\n\t\t\t\t\t<span class=\"elementor-heading-title elementor-size-default\">Passez \u00e0 l\u2019action<\/span>\t\t\t\t<\/div>\n\t\t\t\t<\/div>\n\t\t\t\t<div class=\"elementor-element elementor-element-8ae3a9a elementor-widget elementor-widget-heading\" data-id=\"8ae3a9a\" data-element_type=\"widget\" data-e-type=\"widget\" data-widget_type=\"heading.default\">\n\t\t\t\t<div class=\"elementor-widget-container\">\n\t\t\t\t\t<h2 class=\"elementor-heading-title elementor-size-default\">Une fa\u00e7ade intemporelle en 3 \u00e9tapes<\/h2>\t\t\t\t<\/div>\n\t\t\t\t<\/div>\n\t\t<div class=\"elementor-element elementor-element-9275c1f e-con-full e-flex e-con e-child\" data-id=\"9275c1f\" data-element_type=\"container\" data-e-type=\"container\">\n\t\t<div class=\"elementor-element elementor-element-0355fc1 e-con-full e-flex e-con e-child\" data-id=\"0355fc1\" data-element_type=\"container\" data-e-type=\"container\">\n\t\t<div class=\"elementor-element elementor-element-ab62039 e-con-full e-flex e-con e-child\" data-id=\"ab62039\" data-element_type=\"container\" data-e-type=\"container\" data-settings=\"{&quot;background_background&quot;:&quot;classic&quot;}\">\n\t\t\t\t<div class=\"elementor-element elementor-element-bfdefd2 elementor-widget elementor-widget-heading\" data-id=\"bfdefd2\" data-element_type=\"widget\" data-e-type=\"widget\" data-widget_type=\"heading.default\">\n\t\t\t\t<div class=\"elementor-widget-container\">\n\t\t\t\t\t<span class=\"elementor-heading-title elementor-size-default\">1<\/span>\t\t\t\t<\/div>\n\t\t\t\t<\/div>\n\t\t\t\t<\/div>\n\t\t\t\t<div class=\"elementor-element elementor-element-af7202c elementor-widget elementor-widget-heading\" data-id=\"af7202c\" data-element_type=\"widget\" data-e-type=\"widget\" data-widget_type=\"heading.default\">\n\t\t\t\t<div class=\"elementor-widget-container\">\n\t\t\t\t\t<h3 class=\"elementor-heading-title elementor-size-default\">Choisissez votre couleur<\/h3>\t\t\t\t<\/div>\n\t\t\t\t<\/div>\n\t\t\t\t<div class=\"elementor-element elementor-element-c75e895 elementor-widget elementor-widget-heading\" data-id=\"c75e895\" data-element_type=\"widget\" data-e-type=\"widget\" data-widget_type=\"heading.default\">\n\t\t\t\t<div class=\"elementor-widget-container\">\n\t\t\t\t\t<p class=\"elementor-heading-title elementor-size-default\">S\u00e9lectionnez la teinte et la finition adapt\u00e9es \u00e0 votre habitation ou projet.<\/p>\t\t\t\t<\/div>\n\t\t\t\t<\/div>\n\t\t\t\t<\/div>\n\t\t\t\t<div class=\"elementor-element elementor-element-30eaf02 elementor-view-default elementor-widget elementor-widget-icon\" data-id=\"30eaf02\" data-element_type=\"widget\" data-e-type=\"widget\" data-widget_type=\"icon.default\">\n\t\t\t\t<div class=\"elementor-widget-container\">\n\t\t\t\t\t\t\t<div class=\"elementor-icon-wrapper\">\n\t\t\t<div class=\"elementor-icon\">\n\t\t\t<i aria-hidden=\"true\" class=\"fal fa-arrow-right\"><\/i>\t\t\t<\/div>\n\t\t<\/div>\n\t\t\t\t\t\t<\/div>\n\t\t\t\t<\/div>\n\t\t<div class=\"elementor-element elementor-element-02044ac e-con-full e-flex e-con e-child\" data-id=\"02044ac\" data-element_type=\"container\" data-e-type=\"container\">\n\t\t<div class=\"elementor-element elementor-element-a051ee6 e-con-full e-flex e-con e-child\" data-id=\"a051ee6\" data-element_type=\"container\" data-e-type=\"container\" data-settings=\"{&quot;background_background&quot;:&quot;classic&quot;}\">\n\t\t\t\t<div class=\"elementor-element elementor-element-4323d83 elementor-widget elementor-widget-heading\" data-id=\"4323d83\" data-element_type=\"widget\" data-e-type=\"widget\" data-widget_type=\"heading.default\">\n\t\t\t\t<div class=\"elementor-widget-container\">\n\t\t\t\t\t<span class=\"elementor-heading-title elementor-size-default\">2<\/span>\t\t\t\t<\/div>\n\t\t\t\t<\/div>\n\t\t\t\t<\/div>\n\t\t\t\t<div class=\"elementor-element elementor-element-0579023 elementor-widget elementor-widget-heading\" data-id=\"0579023\" data-element_type=\"widget\" data-e-type=\"widget\" data-widget_type=\"heading.default\">\n\t\t\t\t<div class=\"elementor-widget-container\">\n\t\t\t\t\t<h3 class=\"elementor-heading-title elementor-size-default\">Outil de calcul<\/h3>\t\t\t\t<\/div>\n\t\t\t\t<\/div>\n\t\t\t\t<div class=\"elementor-element elementor-element-3f1042f elementor-widget elementor-widget-heading\" data-id=\"3f1042f\" data-element_type=\"widget\" data-e-type=\"widget\" data-widget_type=\"heading.default\">\n\t\t\t\t<div class=\"elementor-widget-container\">\n\t\t\t\t\t<p class=\"elementor-heading-title elementor-size-default\">Utilisez l\u2019outil de calcul Cladix pour d\u00e9terminer pr\u00e9cis\u00e9ment le nombre de packs n\u00e9cessaires. <\/p>\t\t\t\t<\/div>\n\t\t\t\t<\/div>\n\t\t\t\t<\/div>\n\t\t\t\t<div class=\"elementor-element elementor-element-1904883 elementor-view-default elementor-widget elementor-widget-icon\" data-id=\"1904883\" data-element_type=\"widget\" data-e-type=\"widget\" data-widget_type=\"icon.default\">\n\t\t\t\t<div class=\"elementor-widget-container\">\n\t\t\t\t\t\t\t<div class=\"elementor-icon-wrapper\">\n\t\t\t<div class=\"elementor-icon\">\n\t\t\t<i aria-hidden=\"true\" class=\"fal fa-arrow-right\"><\/i>\t\t\t<\/div>\n\t\t<\/div>\n\t\t\t\t\t\t<\/div>\n\t\t\t\t<\/div>\n\t\t<div class=\"elementor-element elementor-element-407680c e-con-full e-flex e-con e-child\" data-id=\"407680c\" data-element_type=\"container\" data-e-type=\"container\">\n\t\t<div class=\"elementor-element elementor-element-fe813e5 e-con-full e-flex e-con e-child\" data-id=\"fe813e5\" data-element_type=\"container\" data-e-type=\"container\" data-settings=\"{&quot;background_background&quot;:&quot;classic&quot;}\">\n\t\t\t\t<div class=\"elementor-element elementor-element-d2216fe elementor-widget elementor-widget-heading\" data-id=\"d2216fe\" data-element_type=\"widget\" data-e-type=\"widget\" data-widget_type=\"heading.default\">\n\t\t\t\t<div class=\"elementor-widget-container\">\n\t\t\t\t\t<span class=\"elementor-heading-title elementor-size-default\">3<\/span>\t\t\t\t<\/div>\n\t\t\t\t<\/div>\n\t\t\t\t<\/div>\n\t\t\t\t<div class=\"elementor-element elementor-element-6a73ab1 elementor-widget elementor-widget-heading\" data-id=\"6a73ab1\" data-element_type=\"widget\" data-e-type=\"widget\" data-widget_type=\"heading.default\">\n\t\t\t\t<div class=\"elementor-widget-container\">\n\t\t\t\t\t<h3 class=\"elementor-heading-title elementor-size-default\">Point de vente<\/h3>\t\t\t\t<\/div>\n\t\t\t\t<\/div>\n\t\t\t\t<div class=\"elementor-element elementor-element-7f02e1b elementor-widget elementor-widget-heading\" data-id=\"7f02e1b\" data-element_type=\"widget\" data-e-type=\"widget\" data-widget_type=\"heading.default\">\n\t\t\t\t<div class=\"elementor-widget-container\">\n\t\t\t\t\t<p class=\"elementor-heading-title elementor-size-default translation-block\">Trouvez un distributeur pr\u00e8s de chez vous.\nLes packs sont disponibles imm\u00e9diatement chez nos partenaires.<\/p>\t\t\t\t<\/div>\n\t\t\t\t<\/div>\n\t\t\t\t<\/div>\n\t\t\t\t<\/div>\n\t\t\t\t<div class=\"elementor-element elementor-element-444cde0 elementor-widget elementor-widget-button\" data-id=\"444cde0\" data-element_type=\"widget\" data-e-type=\"widget\" data-widget_type=\"button.default\">\n\t\t\t\t<div class=\"elementor-widget-container\">\n\t\t\t\t\t\t\t\t\t<div class=\"elementor-button-wrapper\">\n\t\t\t\t\t<a class=\"elementor-button elementor-button-link elementor-size-sm\" href=\"https:\/\/rekentool.cladix.eu\/?lang=fr\" rel=\"nofollow noopener\" target=\"_blank\">\n\t\t\t\t\t\t<span class=\"elementor-button-content-wrapper\">\n\t\t\t\t\t\t<span class=\"elementor-button-icon\">\n\t\t\t\t<i aria-hidden=\"true\" class=\"far fa-calculator\"><\/i>\t\t\t<\/span>\n\t\t\t\t\t\t\t\t\t<span class=\"elementor-button-text\">Calculez vos besoins<\/span>\n\t\t\t\t\t<\/span>\n\t\t\t\t\t<\/a>\n\t\t\t\t<\/div>\n\t\t\t\t\t\t\t\t<\/div>\n\t\t\t\t<\/div>\n\t\t\t\t\t<\/div>\n\t\t\t\t<\/div>\n\t\t\t\t<\/div>","protected":false},"excerpt":{"rendered":"<p>Bereken hoeveel gevelbekleding je nodig hebt. Gebruik onze Cladix rekentool en ontvang direct een overzicht van de juiste packs en hoeveelheden voor jouw nieuwe gevel. Start de rekentool Aan de slag Een tijdloze gevel in 3 stappen\u200b 1 Kies je kleur Kies eerst de kleur en afwerking die past bij jouw woning of project. 2 [&hellip;]<\/p>\n","protected":false},"author":1,"featured_media":0,"parent":0,"menu_order":11500,"comment_status":"closed","ping_status":"closed","template":"","meta":{"footnotes":""},"tags":[],"class_list":["post-4272","page","type-page","status-publish","hentry"],"_links":{"self":[{"href":"https:\/\/www.cladix.eu\/fr\/wp-json\/wp\/v2\/pages\/4272","targetHints":{"allow":["GET"]}}],"collection":[{"href":"https:\/\/www.cladix.eu\/fr\/wp-json\/wp\/v2\/pages"}],"about":[{"href":"https:\/\/www.cladix.eu\/fr\/wp-json\/wp\/v2\/types\/page"}],"author":[{"embeddable":true,"href":"https:\/\/www.cladix.eu\/fr\/wp-json\/wp\/v2\/users\/1"}],"replies":[{"embeddable":true,"href":"https:\/\/www.cladix.eu\/fr\/wp-json\/wp\/v2\/comments?post=4272"}],"version-history":[{"count":46,"href":"https:\/\/www.cladix.eu\/fr\/wp-json\/wp\/v2\/pages\/4272\/revisions"}],"predecessor-version":[{"id":4943,"href":"https:\/\/www.cladix.eu\/fr\/wp-json\/wp\/v2\/pages\/4272\/revisions\/4943"}],"wp:attachment":[{"href":"https:\/\/www.cladix.eu\/fr\/wp-json\/wp\/v2\/media?parent=4272"}],"wp:term":[{"taxonomy":"post_tag","embeddable":true,"href":"https:\/\/www.cladix.eu\/fr\/wp-json\/wp\/v2\/tags?post=4272"}],"curies":[{"name":"wp","href":"https:\/\/api.w.org\/{rel}","templated":true}]}}