{"id":3,"date":"2025-08-18T13:57:10","date_gmt":"2025-08-18T13:57:10","guid":{"rendered":"https:\/\/www.cladix.eu\/?page_id=3"},"modified":"2026-02-19T09:50:31","modified_gmt":"2026-02-19T08:50:31","slug":"politique-de-confidentialite","status":"publish","type":"page","link":"https:\/\/www.cladix.eu\/fr\/privacybeleid\/","title":{"rendered":"Politique de confidentialit\u00e9"},"content":{"rendered":"<div data-elementor-type=\"wp-page\" data-elementor-id=\"3\" class=\"elementor elementor-3\" data-elementor-post-type=\"page\">\n\t\t\t\t<div class=\"elementor-element elementor-element-30a4171 padding-m e-flex e-con-boxed e-con e-parent\" data-id=\"30a4171\" data-element_type=\"container\" data-e-type=\"container\">\n\t\t\t\t\t<div class=\"e-con-inner\">\n\t\t\t\t<div class=\"elementor-element elementor-element-b44e555 elementor-widget elementor-widget-heading\" data-id=\"b44e555\" data-element_type=\"widget\" data-e-type=\"widget\" data-widget_type=\"heading.default\">\n\t\t\t\t<div class=\"elementor-widget-container\">\n\t\t\t\t\t<h1 class=\"elementor-heading-title elementor-size-default\">Politique de confidentialit\u00e9<\/h1>\t\t\t\t<\/div>\n\t\t\t\t<\/div>\n\t\t\t\t<div class=\"elementor-element elementor-element-1172bde elementor-widget elementor-widget-text-editor\" data-id=\"1172bde\" data-element_type=\"widget\" data-e-type=\"widget\" data-widget_type=\"text-editor.default\">\n\t\t\t\t<div class=\"elementor-widget-container\">\n\t\t\t\t\t\t\t\t\t<p>Nous respectons votre vie priv\u00e9e.<\/p><p>CLADIX BV<br \/>Kunstdal 19a, 9900 Eeklo<br \/>T\u00e9l\u00e9phone : +32 (0)9 2967235<br \/>E-mail : <a href=\"mailto:info@cladix.eu\">info@cladix.eu<\/a><br \/>Ondernemingsnummer: BE0476.206.256<\/p>\t\t\t\t\t\t\t\t<\/div>\n\t\t\t\t<\/div>\n\t\t\t\t<div class=\"elementor-element elementor-element-19dd76a elementor-widget elementor-widget-text-editor\" data-id=\"19dd76a\" data-element_type=\"widget\" data-e-type=\"widget\" data-widget_type=\"text-editor.default\">\n\t\t\t\t<div class=\"elementor-widget-container\">\n\t\t\t\t\t\t\t\t\t<h2>Traitement et stockage de vos donn\u00e9es<\/h2><p>CLADIX BV peut traiter des donn\u00e9es personnelles vous concernant parce que vous les fournissez vous-m\u00eame \u00e0 CLADIX BV en remplissant un formulaire de contact sur le site Web. CLADIX BV peut traiter les donn\u00e9es personnelles suivantes :<\/p><ul><li>Vos nom et pr\u00e9nom<\/li><li>Les coordonn\u00e9es de votre entreprise<\/li><li>Votre adresse<\/li><li>Votre num\u00e9ro de t\u00e9l\u00e9phone<\/li><li>Votre adresse \u00e9lectronique<\/li><\/ul><p>CLADIX BV ne conserve pas vos donn\u00e9es personnelles plus longtemps que n\u00e9cessaire pour l'objectif indiqu\u00e9, en tenant compte de notre besoin de r\u00e9pondre aux questions, de r\u00e9soudre les probl\u00e8mes, d'am\u00e9liorer les services, d'offrir de nouveaux services et de se conformer aux exigences l\u00e9gales.<\/p><h2>Pourquoi traitons-nous vos donn\u00e9es ?<\/h2><p>Nous traitons des donn\u00e9es \u00e0 caract\u00e8re personnel \u00e0 diverses fins. Ce faisant, nous traitons toujours uniquement les donn\u00e9es n\u00e9cessaires pour atteindre l'objectif vis\u00e9.<\/p><p>Nous devons utiliser vos donn\u00e9es \u00e0 caract\u00e8re personnel pour les raisons suivantes :<\/p><ul><li>Traiter les demandes des visiteurs ou fournir la documentation demand\u00e9e ;<\/li><li>Reconstituer notre base de clients ;<\/li><li>Enregistrement des produits achet\u00e9s ;<\/li><li>Optimiser notre service \u00e0 la client\u00e8le ;<\/li><li>R\u00e9soudre les probl\u00e8mes rencontr\u00e9s par les clients avec les produits ;<\/li><li>Promouvoir les produits et services de CLADIX BV et de ses affili\u00e9s ;<\/li><li>Communiquer des messages et des actions personnalis\u00e9s sur la base des informations collect\u00e9es sur votre utilisation de nos sites web, en utilisant des cookies ou des techniques similaires ;<\/li><li>Analyser et optimiser l'exp\u00e9rience de l'utilisateur sur notre site web ;<\/li><\/ul><h2>Consulter vos donn\u00e9es<\/h2><p>Vous avez le droit d'acc\u00e9der \u00e0 vos donn\u00e9es personnelles, de les corriger ou de les supprimer lorsque les conditions l\u00e9gales le permettent. Vous pouvez demander \u00e0 consulter vos donn\u00e9es personnelles, les inspecter et, le cas \u00e9ch\u00e9ant, faire corriger les inexactitudes. \u00c0 cette fin, l'utilisateur peut toujours envoyer un courrier \u00e0 l'adresse suivante <a href=\"mailto:info@cladix.eu\">info@cladix.eu<\/a>.<\/p><h2>Protection de vos donn\u00e9es<\/h2><p>CLADIX BV attache une grande importance \u00e0 la protection de la vie priv\u00e9e et traite les donn\u00e9es personnelles qui lui sont fournies avec le soin n\u00e9cessaire. Les donn\u00e9es personnelles sont celles qui nous permettent de vous identifier en tant que personne, que nous le fassions ou non. En utilisant notre site web ou en nous communiquant vos donn\u00e9es personnelles, vous acceptez les pratiques d\u00e9crites dans la pr\u00e9sente d\u00e9claration de confidentialit\u00e9.<\/p><p>CLADIX BV ne communique vos donn\u00e9es personnelles \u00e0 des tiers que si cela est n\u00e9cessaire pour ex\u00e9cuter un accord avec vous ou pour respecter une obligation l\u00e9gale. Dans tous les autres cas, les donn\u00e9es ne seront pas transmises \u00e0 des tiers sans votre accord actif pr\u00e9alable.<\/p><h2>Cookies<\/h2><p>CLADIX BV utilise des cookies pour am\u00e9liorer l'utilisation et la fonctionnalit\u00e9 de son site web et pour mieux comprendre comment les visiteurs l'utilisent ainsi que les outils et services offerts sur ces sites. En utilisant notre site web, vous acceptez que nous utilisions ces cookies.<\/p><p>Les cookies sont de petits fichiers texte plac\u00e9s sur votre ordinateur par les sites web que vous visitez. Ils sont tr\u00e8s courants et sont utilis\u00e9s pour faire fonctionner les sites web ou les rendre plus efficaces et pour fournir des informations aux propri\u00e9taires de sites web. Ils nous aident \u00e0 mieux adapter notre site web \u00e0 vos besoins personnels, \u00e0 am\u00e9liorer sa convivialit\u00e9, \u00e0 recevoir des commentaires sur la satisfaction de nos clients et \u00e0 communiquer avec vous ailleurs sur l'internet.<\/p><p>CLADIX BV utilise Google Analytics pour suivre l'utilisation de son site web et g\u00e9n\u00e9rer des rapports sur ce dernier. En utilisant ce site web, vous consentez au traitement des informations par Google de la mani\u00e8re et aux fins d\u00e9crites ci-dessus.<\/p><h2>Droits de propri\u00e9t\u00e9 intellectuelle<\/h2><p>Le contenu de ce site, y compris les marques, logos, dessins, donn\u00e9es, noms de produits ou d'entreprises, textes, images, etc. sont prot\u00e9g\u00e9s par des droits intellectuels et appartiennent \u00e0 CLADIX BV ou \u00e0 des tiers autoris\u00e9s.<\/p><h2>Plaintes ou commentaires<\/h2><p>Si, pour une raison quelconque, vous estimez ou avez la preuve que nous ne traitons pas vos donn\u00e9es correctement, vous pouvez nous le signaler \u00e0 l'adresse suivante <a href=\"mailto:info@cladix.eu\">info@cladix.eu<\/a>. Nous chercherons ensemble une solution ad\u00e9quate.<\/p>\t\t\t\t\t\t\t\t<\/div>\n\t\t\t\t<\/div>\n\t\t\t\t\t<\/div>\n\t\t\t\t<\/div>\n\t\t\t\t<\/div>","protected":false},"excerpt":{"rendered":"<p>Wij respecteren uw privacy. CLADIX BVKunstdal 19a, 9900 EekloTelefoon: +32 (0)9 2967235E-mail: info@cladix.euOndernemingsnummer: BE0476.206.256 Verwerking en bewaring van uw gegevens CLADIX BV kan persoonsgegevens over u verwerken, omdat u deze zelf aan CLADIX BV verstrekt door het invullen van een contactformulier op de website. CLADIX BV kan de volgende persoonsgegevens verwerken: Uw voor- en familienaam [&hellip;]<\/p>\n","protected":false},"author":1,"featured_media":0,"parent":0,"menu_order":20000,"comment_status":"closed","ping_status":"closed","template":"","meta":{"footnotes":""},"tags":[],"class_list":["post-3","page","type-page","status-publish","hentry"],"_links":{"self":[{"href":"https:\/\/www.cladix.eu\/fr\/wp-json\/wp\/v2\/pages\/3","targetHints":{"allow":["GET"]}}],"collection":[{"href":"https:\/\/www.cladix.eu\/fr\/wp-json\/wp\/v2\/pages"}],"about":[{"href":"https:\/\/www.cladix.eu\/fr\/wp-json\/wp\/v2\/types\/page"}],"author":[{"embeddable":true,"href":"https:\/\/www.cladix.eu\/fr\/wp-json\/wp\/v2\/users\/1"}],"replies":[{"embeddable":true,"href":"https:\/\/www.cladix.eu\/fr\/wp-json\/wp\/v2\/comments?post=3"}],"version-history":[{"count":14,"href":"https:\/\/www.cladix.eu\/fr\/wp-json\/wp\/v2\/pages\/3\/revisions"}],"predecessor-version":[{"id":1881,"href":"https:\/\/www.cladix.eu\/fr\/wp-json\/wp\/v2\/pages\/3\/revisions\/1881"}],"wp:attachment":[{"href":"https:\/\/www.cladix.eu\/fr\/wp-json\/wp\/v2\/media?parent=3"}],"wp:term":[{"taxonomy":"post_tag","embeddable":true,"href":"https:\/\/www.cladix.eu\/fr\/wp-json\/wp\/v2\/tags?post=3"}],"curies":[{"name":"wp","href":"https:\/\/api.w.org\/{rel}","templated":true}]}}